{"id":5166,"date":"2024-05-03T17:56:06","date_gmt":"2024-05-03T15:56:06","guid":{"rendered":"http:\/\/www.dressed-unicorn.de\/?page_id=5166"},"modified":"2024-05-08T09:38:37","modified_gmt":"2024-05-08T07:38:37","slug":"hochzeitvideos","status":"publish","type":"page","link":"https:\/\/www.dressed-unicorn.de\/?page_id=5166","title":{"rendered":"Hochzeitvideos"},"content":{"rendered":"<div class=\"fusion-fullwidth fullwidth-box fusion-builder-row-1 fusion-flex-container has-pattern-background has-mask-background nonhundred-percent-fullwidth hundred-percent-height hundred-percent-height-center-content non-hundred-percent-height-scrolling\" style=\"--awb-border-radius-top-left:0px;--awb-border-radius-top-right:0px;--awb-border-radius-bottom-right:0px;--awb-border-radius-bottom-left:0px;--awb-padding-top:0px;--awb-margin-top:0px;--awb-flex-wrap:wrap;\" ><div class=\"fusion-builder-row fusion-row fusion-flex-align-items-flex-start fusion-flex-align-content-flex-start fusion-flex-content-wrap\" style=\"max-width:1248px;margin-left: calc(-4% \/ 2 );margin-right: calc(-4% \/ 2 );\"><div class=\"fusion-layout-column fusion_builder_column fusion-builder-column-0 fusion_builder_column_1_1 1_1 fusion-flex-column\" style=\"--awb-bg-size:cover;--awb-width-large:100%;--awb-margin-top-large:0px;--awb-spacing-right-large:1.92%;--awb-margin-bottom-large:20px;--awb-spacing-left-large:1.92%;--awb-width-medium:100%;--awb-order-medium:0;--awb-spacing-right-medium:1.92%;--awb-spacing-left-medium:1.92%;--awb-width-small:100%;--awb-order-small:0;--awb-spacing-right-small:1.92%;--awb-spacing-left-small:1.92%;\"><div class=\"fusion-column-wrapper fusion-column-has-shadow fusion-flex-justify-content-flex-start fusion-content-layout-column\"><div class=\"fusion-title title fusion-title-1 fusion-sep-none fusion-title-center fusion-title-text fusion-title-size-one\" style=\"--awb-margin-bottom:0px;--awb-font-size:var(--awb-typography1-font-size);\"><h1 class=\"fusion-title-heading title-heading-center\" style=\"font-family:var(--awb-custom_typography_1-font-family);font-weight:var(--awb-custom_typography_1-font-weight);font-style:var(--awb-custom_typography_1-font-style);margin:0;font-size:1em;\">Hochzeitsvideos<\/h1><\/div><div class=\"fusion-text fusion-text-1 fusion-text-no-margin\" style=\"--awb-font-size:16px;--awb-margin-top:1%;--awb-margin-bottom:1%;--awb-text-font-family:&quot;Raleway&quot;;--awb-text-font-style:normal;--awb-text-font-weight:400;\"><p style=\"text-align: center;\">Wir begleiten euch den ganzen Tag und sind dabei zu zweit unterwegs, um jeden Moment einzufangen. Unser Ansporn ist es, ein zeitloses Video von allen H\u00f6hepunkten eurer Hochzeit zu erstellen. <br \/><span style=\"color: var(--awb-text-color); font-family: var(--awb-text-font-family); font-size: var(--awb-font-size); font-style: var(--awb-text-font-style); font-weight: var(--awb-text-font-weight); letter-spacing: var(--awb-letter-spacing); text-transform: var(--awb-text-transform); background-color: var(--awb-bg-color-hover);\">Wir m\u00f6chten euren Tag f\u00fcr immer festhalten, sodass ihr auch in 20 Jahren das selbe Gef\u00fchl immer wieder erleben k\u00f6nnt.<\/span><\/p>\n<p style=\"text-align: center;\">\n<span style=\"color: var(--awb-text-color); font-family: var(--awb-text-font-family); font-size: var(--awb-font-size); font-style: var(--awb-text-font-style); font-weight: var(--awb-text-font-weight); letter-spacing: var(--awb-letter-spacing); text-transform: var(--awb-text-transform); background-color: var(--awb-bg-color-hover);\">Nat\u00fcrlich bieten wir nicht nur die Produktion eines Highlight Videos an, zus\u00e4tzlich k\u00f6nnt ihr auch einen Zusammenschnitt eurer gesamten Hochzeit bekommen. <\/span><span style=\"color: var(--awb-text-color); font-family: var(--awb-text-font-family); font-size: var(--awb-font-size); font-style: var(--awb-text-font-style); font-weight: var(--awb-text-font-weight); letter-spacing: var(--awb-letter-spacing); text-transform: var(--awb-text-transform); background-color: var(--awb-bg-color-hover);\">Gerne k\u00f6nnt ihr uns dazu einfach anschrieben und uns eure W\u00fcnsche mitteilen.<\/span><\/p>\n<p style=\"text-align: center;\">\n<span style=\"color: var(--awb-text-color); font-family: var(--awb-text-font-family); font-size: var(--awb-font-size); font-style: var(--awb-text-font-style); font-weight: var(--awb-text-font-weight); letter-spacing: var(--awb-letter-spacing); text-transform: var(--awb-text-transform); background-color: var(--awb-bg-color-hover);\">Wir freuen uns auf euch!<\/span><\/p>\n<\/div><div class=\"fusion-image-element \" style=\"text-align:center;--awb-aspect-ratio: 100 \/ 44;--awb-object-position:53% 99%;--awb-max-width:90%;--awb-caption-title-font-family:var(--h2_typography-font-family);--awb-caption-title-font-weight:var(--h2_typography-font-weight);--awb-caption-title-font-style:var(--h2_typography-font-style);--awb-caption-title-size:var(--h2_typography-font-size);--awb-caption-title-transform:var(--h2_typography-text-transform);--awb-caption-title-line-height:var(--h2_typography-line-height);--awb-caption-title-letter-spacing:var(--h2_typography-letter-spacing);\"><div style=\"display:inline-block;width:90%;\"><span class=\" fusion-imageframe imageframe-none imageframe-1 hover-type-none has-aspect-ratio\"><img decoding=\"async\" width=\"1024\" height=\"576\" title=\"Services_CoupleShoot_Banner\" src=\"http:\/\/www.dressed-unicorn.de\/wp-content\/uploads\/2024\/05\/Hochzeitsvideos-Hochzeitsfeier_Komprimiert-1024x576.jpg\" class=\"img-responsive wp-image-5169 img-with-aspect-ratio\" alt srcset=\"https:\/\/www.dressed-unicorn.de\/wp-content\/uploads\/2024\/05\/Hochzeitsvideos-Hochzeitsfeier_Komprimiert-200x113.jpg 200w, https:\/\/www.dressed-unicorn.de\/wp-content\/uploads\/2024\/05\/Hochzeitsvideos-Hochzeitsfeier_Komprimiert-400x225.jpg 400w, https:\/\/www.dressed-unicorn.de\/wp-content\/uploads\/2024\/05\/Hochzeitsvideos-Hochzeitsfeier_Komprimiert-600x338.jpg 600w, https:\/\/www.dressed-unicorn.de\/wp-content\/uploads\/2024\/05\/Hochzeitsvideos-Hochzeitsfeier_Komprimiert-800x450.jpg 800w, https:\/\/www.dressed-unicorn.de\/wp-content\/uploads\/2024\/05\/Hochzeitsvideos-Hochzeitsfeier_Komprimiert-1200x675.jpg 1200w, https:\/\/www.dressed-unicorn.de\/wp-content\/uploads\/2024\/05\/Hochzeitsvideos-Hochzeitsfeier_Komprimiert.jpg 1920w\" sizes=\"(max-width: 640px) 100vw, 1200px\" \/><\/span><\/div><\/div><\/div><\/div><\/div><\/div>\n","protected":false},"excerpt":{"rendered":"","protected":false},"author":1,"featured_media":0,"parent":0,"menu_order":0,"comment_status":"closed","ping_status":"closed","template":"100-width.php","meta":{"_acf_changed":false,"inline_featured_image":false,"footnotes":""},"class_list":["post-5166","page","type-page","status-publish","hentry"],"acf":[],"yoast_head":"<!-- This site is optimized with the Yoast SEO plugin v22.6 - https:\/\/yoast.com\/wordpress\/plugins\/seo\/ -->\n<title>Hochzeitvideos - Dressed-Unicorn<\/title>\n<meta name=\"robots\" content=\"index, follow, max-snippet:-1, max-image-preview:large, max-video-preview:-1\" \/>\n<link rel=\"canonical\" href=\"https:\/\/www.dressed-unicorn.de\/?page_id=5166\" \/>\n<meta property=\"og:locale\" content=\"de_DE\" \/>\n<meta property=\"og:type\" content=\"article\" \/>\n<meta property=\"og:title\" content=\"Hochzeitvideos - Dressed-Unicorn\" \/>\n<meta property=\"og:url\" content=\"https:\/\/www.dressed-unicorn.de\/?page_id=5166\" \/>\n<meta property=\"og:site_name\" content=\"Dressed-Unicorn\" \/>\n<meta property=\"article:modified_time\" content=\"2024-05-08T07:38:37+00:00\" \/>\n<meta name=\"twitter:card\" content=\"summary_large_image\" \/>\n<script type=\"application\/ld+json\" class=\"yoast-schema-graph\">{\"@context\":\"https:\/\/schema.org\",\"@graph\":[{\"@type\":\"WebPage\",\"@id\":\"https:\/\/www.dressed-unicorn.de\/?page_id=5166\",\"url\":\"https:\/\/www.dressed-unicorn.de\/?page_id=5166\",\"name\":\"Hochzeitvideos - Dressed-Unicorn\",\"isPartOf\":{\"@id\":\"https:\/\/www.dressed-unicorn.de\/#website\"},\"datePublished\":\"2024-05-03T15:56:06+00:00\",\"dateModified\":\"2024-05-08T07:38:37+00:00\",\"breadcrumb\":{\"@id\":\"https:\/\/www.dressed-unicorn.de\/?page_id=5166#breadcrumb\"},\"inLanguage\":\"de\",\"potentialAction\":[{\"@type\":\"ReadAction\",\"target\":[\"https:\/\/www.dressed-unicorn.de\/?page_id=5166\"]}]},{\"@type\":\"BreadcrumbList\",\"@id\":\"https:\/\/www.dressed-unicorn.de\/?page_id=5166#breadcrumb\",\"itemListElement\":[{\"@type\":\"ListItem\",\"position\":1,\"name\":\"Startseite\",\"item\":\"https:\/\/www.dressed-unicorn.de\/\"},{\"@type\":\"ListItem\",\"position\":2,\"name\":\"Hochzeitvideos\"}]},{\"@type\":\"WebSite\",\"@id\":\"https:\/\/www.dressed-unicorn.de\/#website\",\"url\":\"https:\/\/www.dressed-unicorn.de\/\",\"name\":\"Dressed-Unicorn\",\"description\":\"\",\"potentialAction\":[{\"@type\":\"SearchAction\",\"target\":{\"@type\":\"EntryPoint\",\"urlTemplate\":\"https:\/\/www.dressed-unicorn.de\/?s={search_term_string}\"},\"query-input\":\"required name=search_term_string\"}],\"inLanguage\":\"de\"}]}<\/script>\n<!-- \/ Yoast SEO plugin. -->","yoast_head_json":{"title":"Hochzeitvideos - Dressed-Unicorn","robots":{"index":"index","follow":"follow","max-snippet":"max-snippet:-1","max-image-preview":"max-image-preview:large","max-video-preview":"max-video-preview:-1"},"canonical":"https:\/\/www.dressed-unicorn.de\/?page_id=5166","og_locale":"de_DE","og_type":"article","og_title":"Hochzeitvideos - Dressed-Unicorn","og_url":"https:\/\/www.dressed-unicorn.de\/?page_id=5166","og_site_name":"Dressed-Unicorn","article_modified_time":"2024-05-08T07:38:37+00:00","twitter_card":"summary_large_image","schema":{"@context":"https:\/\/schema.org","@graph":[{"@type":"WebPage","@id":"https:\/\/www.dressed-unicorn.de\/?page_id=5166","url":"https:\/\/www.dressed-unicorn.de\/?page_id=5166","name":"Hochzeitvideos - Dressed-Unicorn","isPartOf":{"@id":"https:\/\/www.dressed-unicorn.de\/#website"},"datePublished":"2024-05-03T15:56:06+00:00","dateModified":"2024-05-08T07:38:37+00:00","breadcrumb":{"@id":"https:\/\/www.dressed-unicorn.de\/?page_id=5166#breadcrumb"},"inLanguage":"de","potentialAction":[{"@type":"ReadAction","target":["https:\/\/www.dressed-unicorn.de\/?page_id=5166"]}]},{"@type":"BreadcrumbList","@id":"https:\/\/www.dressed-unicorn.de\/?page_id=5166#breadcrumb","itemListElement":[{"@type":"ListItem","position":1,"name":"Startseite","item":"https:\/\/www.dressed-unicorn.de\/"},{"@type":"ListItem","position":2,"name":"Hochzeitvideos"}]},{"@type":"WebSite","@id":"https:\/\/www.dressed-unicorn.de\/#website","url":"https:\/\/www.dressed-unicorn.de\/","name":"Dressed-Unicorn","description":"","potentialAction":[{"@type":"SearchAction","target":{"@type":"EntryPoint","urlTemplate":"https:\/\/www.dressed-unicorn.de\/?s={search_term_string}"},"query-input":"required name=search_term_string"}],"inLanguage":"de"}]}},"_links":{"self":[{"href":"https:\/\/www.dressed-unicorn.de\/index.php?rest_route=\/wp\/v2\/pages\/5166","targetHints":{"allow":["GET"]}}],"collection":[{"href":"https:\/\/www.dressed-unicorn.de\/index.php?rest_route=\/wp\/v2\/pages"}],"about":[{"href":"https:\/\/www.dressed-unicorn.de\/index.php?rest_route=\/wp\/v2\/types\/page"}],"author":[{"embeddable":true,"href":"https:\/\/www.dressed-unicorn.de\/index.php?rest_route=\/wp\/v2\/users\/1"}],"replies":[{"embeddable":true,"href":"https:\/\/www.dressed-unicorn.de\/index.php?rest_route=%2Fwp%2Fv2%2Fcomments&post=5166"}],"version-history":[{"count":7,"href":"https:\/\/www.dressed-unicorn.de\/index.php?rest_route=\/wp\/v2\/pages\/5166\/revisions"}],"predecessor-version":[{"id":5280,"href":"https:\/\/www.dressed-unicorn.de\/index.php?rest_route=\/wp\/v2\/pages\/5166\/revisions\/5280"}],"wp:attachment":[{"href":"https:\/\/www.dressed-unicorn.de\/index.php?rest_route=%2Fwp%2Fv2%2Fmedia&parent=5166"}],"curies":[{"name":"wp","href":"https:\/\/api.w.org\/{rel}","templated":true}]}}