{"id":5050,"date":"2024-05-02T14:58:18","date_gmt":"2024-05-02T12:58:18","guid":{"rendered":"http:\/\/www.dressed-unicorn.de\/?page_id=5050"},"modified":"2024-05-06T16:55:15","modified_gmt":"2024-05-06T14:55:15","slug":"ueber-uns","status":"publish","type":"page","link":"https:\/\/www.dressed-unicorn.de\/?page_id=5050","title":{"rendered":"\u00dcber Uns"},"content":{"rendered":"<div class=\"fusion-fullwidth fullwidth-box fusion-builder-row-1 fusion-flex-container has-pattern-background has-mask-background nonhundred-percent-fullwidth non-hundred-percent-height-scrolling\" style=\"--awb-border-radius-top-left:0px;--awb-border-radius-top-right:0px;--awb-border-radius-bottom-right:0px;--awb-border-radius-bottom-left:0px;--awb-flex-wrap:wrap;\" ><div class=\"fusion-builder-row fusion-row fusion-flex-align-items-center fusion-flex-justify-content-center fusion-flex-content-wrap\" style=\"max-width:1248px;margin-left: calc(-4% \/ 2 );margin-right: calc(-4% \/ 2 );\"><div class=\"fusion-layout-column fusion_builder_column fusion-builder-column-0 fusion_builder_column_5_6 5_6 fusion-flex-column fusion-flex-align-self-center\" style=\"--awb-bg-size:cover;--awb-width-large:83.333333333333%;--awb-margin-top-large:0px;--awb-spacing-right-large:2.304%;--awb-margin-bottom-large:20px;--awb-spacing-left-large:2.304%;--awb-width-medium:83.333333333333%;--awb-order-medium:0;--awb-spacing-right-medium:2.304%;--awb-spacing-left-medium:2.304%;--awb-width-small:100%;--awb-order-small:0;--awb-spacing-right-small:1.92%;--awb-spacing-left-small:1.92%;\"><div class=\"fusion-column-wrapper fusion-column-has-shadow fusion-flex-justify-content-center fusion-content-layout-column\"><div class=\"fusion-text fusion-text-1\" style=\"--awb-content-alignment:center;--awb-font-size:1em;--awb-text-font-family:var(--awb-custom_typography_2-font-family);--awb-text-font-weight:var(--awb-custom_typography_2-font-weight);--awb-text-font-style:var(--awb-custom_typography_2-font-style);\"><p><span style=\"color: var(--awb-text-color); font-family: var(--awb-text-font-family); font-size: var(--awb-font-size); font-style: var(--awb-text-font-style); font-weight: var(--awb-text-font-weight); letter-spacing: var(--awb-letter-spacing); text-align: var(--awb-content-alignment); text-transform: var(--awb-text-transform); background-color: var(--awb-bg-color-hover);\">Wir sind Sven und Victor. Zwei Videografen aus Berlin.<\/span><\/p>\n<p>unser gr\u00f6\u00dfter Wunsch ist es die sch\u00f6nsten Momente im Leben festzuhalten.<\/p>\n<p style=\"text-align: center;\">Deswegen haben wir uns entschieden unserer Leidenschaft nachzugehen und Hochzeiten eine Ewigkeit zu verleihen. <br \/>In den Jahren als Videografen in Film und Fernsehen haben wir viele Eindr\u00fccke sammeln k\u00f6nnen, aber was ist beeindruckender als zwei Menschen zu sehen die sich das &#8220; Ja Wort &#8220; geben. <br \/>Die echten Emotionen f\u00fcr immer festzuhalten, erf\u00fcllt uns jedes Mal mit Freude und Dankbarkeit. <br \/>Danke, dass wir gemeinsam mit euch euren wichtigsten Tag begleiten d\u00fcrfen und ihr uns ein Teil davon sein l\u00e4sst.<\/p>\n<\/div><\/div><\/div><\/div><\/div>\n","protected":false},"excerpt":{"rendered":"","protected":false},"author":1,"featured_media":0,"parent":0,"menu_order":0,"comment_status":"closed","ping_status":"closed","template":"","meta":{"_acf_changed":false,"inline_featured_image":false,"footnotes":""},"class_list":["post-5050","page","type-page","status-publish","hentry"],"acf":[],"yoast_head":"<!-- This site is optimized with the Yoast SEO plugin v22.6 - https:\/\/yoast.com\/wordpress\/plugins\/seo\/ -->\n<title>\u00dcber Uns - Dressed-Unicorn<\/title>\n<meta name=\"robots\" content=\"index, follow, max-snippet:-1, max-image-preview:large, max-video-preview:-1\" \/>\n<link rel=\"canonical\" href=\"https:\/\/www.dressed-unicorn.de\/?page_id=5050\" \/>\n<meta property=\"og:locale\" content=\"de_DE\" \/>\n<meta property=\"og:type\" content=\"article\" \/>\n<meta property=\"og:title\" content=\"\u00dcber Uns - Dressed-Unicorn\" \/>\n<meta property=\"og:url\" content=\"https:\/\/www.dressed-unicorn.de\/?page_id=5050\" \/>\n<meta property=\"og:site_name\" content=\"Dressed-Unicorn\" \/>\n<meta property=\"article:modified_time\" content=\"2024-05-06T14:55:15+00:00\" \/>\n<meta name=\"twitter:card\" content=\"summary_large_image\" \/>\n<script type=\"application\/ld+json\" class=\"yoast-schema-graph\">{\"@context\":\"https:\/\/schema.org\",\"@graph\":[{\"@type\":\"WebPage\",\"@id\":\"https:\/\/www.dressed-unicorn.de\/?page_id=5050\",\"url\":\"https:\/\/www.dressed-unicorn.de\/?page_id=5050\",\"name\":\"\u00dcber Uns - Dressed-Unicorn\",\"isPartOf\":{\"@id\":\"https:\/\/www.dressed-unicorn.de\/#website\"},\"datePublished\":\"2024-05-02T12:58:18+00:00\",\"dateModified\":\"2024-05-06T14:55:15+00:00\",\"breadcrumb\":{\"@id\":\"https:\/\/www.dressed-unicorn.de\/?page_id=5050#breadcrumb\"},\"inLanguage\":\"de\",\"potentialAction\":[{\"@type\":\"ReadAction\",\"target\":[\"https:\/\/www.dressed-unicorn.de\/?page_id=5050\"]}]},{\"@type\":\"BreadcrumbList\",\"@id\":\"https:\/\/www.dressed-unicorn.de\/?page_id=5050#breadcrumb\",\"itemListElement\":[{\"@type\":\"ListItem\",\"position\":1,\"name\":\"Startseite\",\"item\":\"https:\/\/www.dressed-unicorn.de\/\"},{\"@type\":\"ListItem\",\"position\":2,\"name\":\"\u00dcber Uns\"}]},{\"@type\":\"WebSite\",\"@id\":\"https:\/\/www.dressed-unicorn.de\/#website\",\"url\":\"https:\/\/www.dressed-unicorn.de\/\",\"name\":\"Dressed-Unicorn\",\"description\":\"\",\"potentialAction\":[{\"@type\":\"SearchAction\",\"target\":{\"@type\":\"EntryPoint\",\"urlTemplate\":\"https:\/\/www.dressed-unicorn.de\/?s={search_term_string}\"},\"query-input\":\"required name=search_term_string\"}],\"inLanguage\":\"de\"}]}<\/script>\n<!-- \/ Yoast SEO plugin. -->","yoast_head_json":{"title":"\u00dcber Uns - Dressed-Unicorn","robots":{"index":"index","follow":"follow","max-snippet":"max-snippet:-1","max-image-preview":"max-image-preview:large","max-video-preview":"max-video-preview:-1"},"canonical":"https:\/\/www.dressed-unicorn.de\/?page_id=5050","og_locale":"de_DE","og_type":"article","og_title":"\u00dcber Uns - Dressed-Unicorn","og_url":"https:\/\/www.dressed-unicorn.de\/?page_id=5050","og_site_name":"Dressed-Unicorn","article_modified_time":"2024-05-06T14:55:15+00:00","twitter_card":"summary_large_image","schema":{"@context":"https:\/\/schema.org","@graph":[{"@type":"WebPage","@id":"https:\/\/www.dressed-unicorn.de\/?page_id=5050","url":"https:\/\/www.dressed-unicorn.de\/?page_id=5050","name":"\u00dcber Uns - Dressed-Unicorn","isPartOf":{"@id":"https:\/\/www.dressed-unicorn.de\/#website"},"datePublished":"2024-05-02T12:58:18+00:00","dateModified":"2024-05-06T14:55:15+00:00","breadcrumb":{"@id":"https:\/\/www.dressed-unicorn.de\/?page_id=5050#breadcrumb"},"inLanguage":"de","potentialAction":[{"@type":"ReadAction","target":["https:\/\/www.dressed-unicorn.de\/?page_id=5050"]}]},{"@type":"BreadcrumbList","@id":"https:\/\/www.dressed-unicorn.de\/?page_id=5050#breadcrumb","itemListElement":[{"@type":"ListItem","position":1,"name":"Startseite","item":"https:\/\/www.dressed-unicorn.de\/"},{"@type":"ListItem","position":2,"name":"\u00dcber Uns"}]},{"@type":"WebSite","@id":"https:\/\/www.dressed-unicorn.de\/#website","url":"https:\/\/www.dressed-unicorn.de\/","name":"Dressed-Unicorn","description":"","potentialAction":[{"@type":"SearchAction","target":{"@type":"EntryPoint","urlTemplate":"https:\/\/www.dressed-unicorn.de\/?s={search_term_string}"},"query-input":"required name=search_term_string"}],"inLanguage":"de"}]}},"_links":{"self":[{"href":"https:\/\/www.dressed-unicorn.de\/index.php?rest_route=\/wp\/v2\/pages\/5050","targetHints":{"allow":["GET"]}}],"collection":[{"href":"https:\/\/www.dressed-unicorn.de\/index.php?rest_route=\/wp\/v2\/pages"}],"about":[{"href":"https:\/\/www.dressed-unicorn.de\/index.php?rest_route=\/wp\/v2\/types\/page"}],"author":[{"embeddable":true,"href":"https:\/\/www.dressed-unicorn.de\/index.php?rest_route=\/wp\/v2\/users\/1"}],"replies":[{"embeddable":true,"href":"https:\/\/www.dressed-unicorn.de\/index.php?rest_route=%2Fwp%2Fv2%2Fcomments&post=5050"}],"version-history":[{"count":5,"href":"https:\/\/www.dressed-unicorn.de\/index.php?rest_route=\/wp\/v2\/pages\/5050\/revisions"}],"predecessor-version":[{"id":5230,"href":"https:\/\/www.dressed-unicorn.de\/index.php?rest_route=\/wp\/v2\/pages\/5050\/revisions\/5230"}],"wp:attachment":[{"href":"https:\/\/www.dressed-unicorn.de\/index.php?rest_route=%2Fwp%2Fv2%2Fmedia&parent=5050"}],"curies":[{"name":"wp","href":"https:\/\/api.w.org\/{rel}","templated":true}]}}